{"id":20,"date":"2007-07-05T18:20:37","date_gmt":"2007-07-05T16:20:37","guid":{"rendered":"http:\/\/hockey.isnext.eu\/wp\/?page_id=20"},"modified":"2007-07-12T12:37:56","modified_gmt":"2007-07-12T10:37:56","slug":"kontakt","status":"publish","type":"page","link":"http:\/\/www.weitbrecht-media.de\/hockey\/kontakt","title":{"rendered":"Kontakt"},"content":{"rendered":"<p class=\"sep\">Herr Gottfried K. Weitbrecht<br \/>\nGrazer Stra\u00dfe 62, D-70469 Stuttgart<br \/>\nTelefax: (+49) 711 &#8211; 85 18 49<br \/>\nE-Mail: Gottfried[at]Weitbrecht.net<\/p>\n<p>{mailform}<\/p>\n<p class=\"sep\">\n<p class=\"sep\"><strong>Haftung f\u00fcr Links<\/strong><br \/>\nDie aufgef\u00fchrten externen Links f\u00fchren zu Inhalten fremder Anbieter. F\u00fcr diese Inhalte ist der jeweilige Anbieter verantworlich.<\/p>\n<p><strong>Haftung f\u00fcr Inhalte<\/strong><br \/>\nDie Informationen auf dieser Seite sind allgemeiner und informativer Art. Die Inhalte dieser Seiten werden mit gr\u00f6\u00dfter Sorgfalt erstellt. F\u00fcr die Richtigkeit, Vollst\u00e4ndigkeit und Aktualit\u00e4t dieser Inhalte kann jedoch keine Haftung \u00fcbernommen werden.<\/p>\n<p>Alle Beitr\u00e4ge geben die subjektive Meinung des Verfassers wieder und beanspruchen keinen Anspruch auf Richtigkeit. Diese Seite hat keinerlei finanzielle Ziele und ist ein rein privates Informationsangebot.<\/p>\n<p>F\u00fcr die Kommentare auf diesen Seiten zeichnen sich die jeweiligen Verfasser verantwortlich. Kommerzielle Werbung oder Verlinkungen auf solche, die nicht im nachvollziehbaren Zusammenhang mit dem jeweiligen Artikel-Thema stehen, sind untersagt.<\/p>\n","protected":false},"excerpt":{"rendered":"<p>Herr Gottfried K. Weitbrecht Grazer Stra\u00dfe 62, D-70469 Stuttgart Telefax: (+49) 711 &#8211; 85 18 49 E-Mail: Gottfried[at]Weitbrecht.net {mailform} Haftung<\/p>\n","protected":false},"author":1,"featured_media":0,"parent":0,"menu_order":0,"comment_status":"open","ping_status":"open","template":"","meta":{"_crdt_document":"","ngg_post_thumbnail":0,"jetpack_post_was_ever_published":false,"footnotes":""},"class_list":["post-20","page","type-page","status-publish","hentry"],"jetpack_sharing_enabled":true,"jetpack_shortlink":"https:\/\/wp.me\/P9PAz3-k","jetpack-related-posts":[{"id":2,"url":"http:\/\/www.weitbrecht-media.de\/hockey\/about","url_meta":{"origin":20,"position":0},"title":"Infos zum Mitmachen","author":"Karsten","date":"1. Februar 2007","format":false,"excerpt":"Herzlich Willkommen! Wir sind eine Freizeit-Hockeymannschaft und jeder ist eingeladen mitzuspielen. Zuerst auf \"Kontakt\" dr\u00fccken. Dann schreibt ihr bitte an die dort befindliche Email-Adresse eine Mail. Ihr m\u00fcsst eure Emailadresse und d\u00fcrft eure Webseite angeben. Schickt bitte den Anmeldenamen und den Klarnamen\u00a0 (Vorname und Familienname) mit. Der Administrator tr\u00e4gt euch\u2026","rel":"","context":"In &quot;Alle Spiele&quot;","block_context":{"text":"Alle Spiele","link":"http:\/\/www.weitbrecht-media.de\/hockey\/archives\/category\/alle"},"img":{"alt_text":"","src":"","width":0,"height":0},"classes":[]},{"id":997,"url":"http:\/\/www.weitbrecht-media.de\/hockey\/fotoalbum\/eishockey-auf-dem-max-eyth-see-200102","url_meta":{"origin":20,"position":1},"title":"Eishockey auf dem Max-Eyth See 2001\/02","author":"Gottfried","date":"25. Oktober 2017","format":false,"excerpt":"\" order_by=\"sortorder\" order_direction=\"ASC\" returns=\"included\" maximum_entity_count=\"500\"]","rel":"","context":"\u00c4hnlicher Beitrag","block_context":{"text":"\u00c4hnlicher Beitrag","link":""},"img":{"alt_text":"","src":"","width":0,"height":0},"classes":[]},{"id":19,"url":"http:\/\/www.weitbrecht-media.de\/hockey\/archiv","url_meta":{"origin":20,"position":2},"title":"Archiv","author":"Karsten","date":"5. Juli 2007","format":false,"excerpt":"","rel":"","context":"In &quot;Alle Spiele&quot;","block_context":{"text":"Alle Spiele","link":"http:\/\/www.weitbrecht-media.de\/hockey\/archives\/category\/alle"},"img":{"alt_text":"","src":"","width":0,"height":0},"classes":[]}],"_links":{"self":[{"href":"http:\/\/www.weitbrecht-media.de\/hockey\/wp-json\/wp\/v2\/pages\/20","targetHints":{"allow":["GET"]}}],"collection":[{"href":"http:\/\/www.weitbrecht-media.de\/hockey\/wp-json\/wp\/v2\/pages"}],"about":[{"href":"http:\/\/www.weitbrecht-media.de\/hockey\/wp-json\/wp\/v2\/types\/page"}],"author":[{"embeddable":true,"href":"http:\/\/www.weitbrecht-media.de\/hockey\/wp-json\/wp\/v2\/users\/1"}],"replies":[{"embeddable":true,"href":"http:\/\/www.weitbrecht-media.de\/hockey\/wp-json\/wp\/v2\/comments?post=20"}],"version-history":[{"count":0,"href":"http:\/\/www.weitbrecht-media.de\/hockey\/wp-json\/wp\/v2\/pages\/20\/revisions"}],"wp:attachment":[{"href":"http:\/\/www.weitbrecht-media.de\/hockey\/wp-json\/wp\/v2\/media?parent=20"}],"curies":[{"name":"wp","href":"https:\/\/api.w.org\/{rel}","templated":true}]}}